{"id":3,"date":"2018-05-30T16:21:39","date_gmt":"2018-05-30T16:21:39","guid":{"rendered":"https:\/\/www.conviva-living.com\/?page_id=3"},"modified":"2018-12-27T14:08:45","modified_gmt":"2018-12-27T14:08:45","slug":"datenschutzerklaerung","status":"publish","type":"page","link":"https:\/\/www.conviva-living.com\/index.php\/datenschutzerklaerung\/","title":{"rendered":"Datenschutzerkl\u00e4rung"},"content":{"rendered":"<div class=\"wpb_text_column wpb_content_element \">\n<div class=\"wpb_wrapper\">\n<p><strong>Allgemeine Datenschutzerkl\u00e4rung<\/strong> der BCinvest GmbH &amp; Co. KG<br \/>\nDurch die Nutzung unserer Website der BCinvest GmbH &amp; Co. KG erkl\u00e4ren Sie sich mit der Erhebung, Verarbeitung und Nutzung von Daten gem\u00e4\u00df der nachfolgenden Beschreibung einverstanden. Unsere Website kann\u00a0ohne Registrierung besucht werden. Dabei werden personenbezogene Daten, wie beispielsweise aufgerufene Seiten bzw. Namen der abgerufenen Datei, Datum und Uhrzeit zu statistischen Zwecken auf dem Server gespeichert, ohne dass diese Daten unmittelbar auf Ihre Person bezogen werden. Die Rechtsgrundlage f\u00fcr die Datenverarbeitung ist Art. 6 Abs. 1 Satz 1 EU-DSGVO. Personenbezogene Daten, insbesondere Name, Adresse oder E-Mail-Adresse werden soweit m\u00f6glich auf freiwilliger Basis erhoben.<\/p>\n<p>Personenbezogene Daten werden an Dritte \u00fcbermittelt, wenn:<\/p>\n<p>-nach Art. 6 Abs. 1 Satz 1 lit. a EU-DSGVO durch die betroffene Person ausdr\u00fccklich dazu eingewilligt wurde,<\/p>\n<p>-die Weitergabe nach Art. 6 Abs. 1 Satz 1\u00a0lit. f EU-DSGVO zur Geltendmachung, Aus\u00fcbung oder Verteidigung von Rechtsanspr\u00fcchen erforderlich ist und kein Grund zur Annahme besteht, dass die betroffene Person ein \u00fcberwiegendes schutzw\u00fcrdiges Interesse an der Nichtweitergabe ihrer Daten hat,<\/p>\n<p>-f\u00fcr die Daten\u00fcbermittlung nach Art. 6 Abs. 1 Satz 1\u00a0lit. c EU-DSGVO eine gesetzliche Verpflichtung besteht, und\/oder<\/p>\n<p>-dies nach Art. 6 Abs. 1 Satz 1\u00a0lit. b EU-DSGVO f\u00fcr die Erf\u00fcllung eines Vertragsverh\u00e4ltnisses mit der betroffenen Person erforderlich ist.<\/p>\n<p>In anderen F\u00e4llen werden personenbezogene Daten nicht an Dritte weitergegeben. Unser berechtigtes Interesse zur Datenerhebung folgt aus Zwecken einer ordnungsgem\u00e4\u00dfen und reibungslosen Nutzungsm\u00f6glichkeit unserer Website, zu administrativen Zwecken sowie zur Auswertung der Systemsicherheit und Systemstabilit\u00e4t. Die Verarbeitung erfolgt ausdr\u00fccklich nicht zu dem Zweck, Erkenntnisse \u00fcber die Person des Besuchers der Webseite zu gewinnen.<\/p>\n<p><strong>Datenschutzerkl\u00e4rung f\u00fcr Cookies<\/strong><br \/>\nUnsere Website verwendet Cookies. Rechtsgrundlage hierf\u00fcr ist Art. 6 Abs. 1 S.1 lit. f EU-DSGVO. Das sind kleine Textdateien, die es m\u00f6glich machen, auf dem Endger\u00e4t des Nutzers spezifische, auf den Nutzer bezogene Informationen zu speichern, w\u00e4hrend er die Website nutzt. Cookies erm\u00f6glichen es, insbesondere Nutzungsh\u00e4ufigkeit und Nutzeranzahl der Seiten zu ermitteln, Verhaltensweisen der Seitennutzung zu analysieren, aber auch unser Angebot mandantenfreundlicher zu gestalten. Cookies bleiben \u00fcber das Ende einer Browser-Sitzung gespeichert und k\u00f6nnen bei einem erneuten Seitenbesuch wieder aufgerufen werden. Wenn Sie das nicht w\u00fcnschen, sollten Sie Ihren Internetbrowser so einstellen, dass er die Annahme von Cookies verweigert.<\/p>\n<p><strong>Datenschutzerkl\u00e4rung f\u00fcr Google Analytics<\/strong><br \/>\nUnsere Website verwendet Google Analytics, einen Webanalysedienst von Google Inc., 1600 Amphitheatre Parkway, Mountain View, CA 94043, USA. Zur Deaktivierung von Google Analytiscs stellt Google unter <a href=\"http:\/\/tools.google.com\/dlpage\/gaoptout?hl=de\" target=\"_blank\" rel=\"noopener\">http:\/\/tools.google.com\/dlpage\/gaoptout?hl=de<\/a> ein Browser-Plug-In zur Verf\u00fcgung. Google Analytics verwendet Cookies. Das sind kleine Textdateien, die es m\u00f6glich machen, auf dem Endger\u00e4t des Nutzers spezifische, auf den Nutzer bezogene Informationen zu speichern. Diese erm\u00f6glichen eine Analyse der Nutzung unseres Websiteangebotes durch Google. Die durch den Cookie erfassten Informationen \u00fcber die Nutzung unserer Seiten (einschlie\u00dflich Ihrer IP-Adresse) werden in der Regel an einen Server von Google in den USA \u00fcbertragen und dort gespeichert. Wir weisen darauf hin, dass auf dieser Website Google Analytics um den Code \u201egat._anonymizeIp();\u201c erweitert wurde, um eine anonymisierte Erfassung von IP-Adressen (sog. IP-Masking) zu gew\u00e4hrleisten. Ist die Anonymisierung aktiv, k\u00fcrzt Google IP-Adressen innerhalb von Mitgliedstaaten der Europ\u00e4ischen Union oder in anderen Vertragsstaaten des Abkommens \u00fcber den Europ\u00e4ischen Wirtschaftsraum, weswegen keine R\u00fcckschl\u00fcsse auf Ihre Identit\u00e4t m\u00f6glich sind. Nur in Ausnahmef\u00e4llen wird die volle IP-Adresse an einen Server von Google in den USA \u00fcbertragen und dort gek\u00fcrzt. Google beachtet die Datenschutzbestimmungen des \u201ePrivacy Shield\u201c-Abkommens und ist beim \u201ePrivacy Shield\u201c-Programm des US-Handelsministeriums registriert und nutzt die gesammelten Informationen, um die Nutzung unserer Websites auszuwerten, Berichte f\u00fcr uns diesbez\u00fcglich zu verfassen und andere diesbez\u00fcgliche Dienstleistungen an uns zu erbringen. Mehr erfahren Sie unter <a href=\"http:\/\/www.google.com\/intl\/de\/analytics\/privacyoverview.html\" target=\"_blank\" rel=\"noopener\">http:\/\/www.google.com\/intl\/de\/analytics\/privacyoverview.html<\/a>. Die Rechtsgrundlage f\u00fcr die Nutzung von Analysetools ist Art. 6 Abs. 1 S. 1 lit. f EU-DSGVO. Insbesondere die Webseitenanalyse liegt im berechtigten Interesse unserer Kanzlei und dient der statistischen Erfassung der Seitennutzung zur fortlaufenden Verbesserung unserer Kanzleiwebseite und des Angebots unserer Dienstleistungen.<\/p>\n<p>Sie k\u00f6nnen insbesondere auch der Verwendung der Webanalyse-Software \u2013 auch dem Setzen von Cookies \u2013 widersprechen, indem Sie in Ihrem Browser die Option \u201eDo not track\u201c ausw\u00e4hlen oder das Setzen von Cookies deaktivieren. Ebenfalls besteht die M\u00f6glichkeit ein sogenannten Opt-out-Cookie zu setzten, welcher die zuk\u00fcnftige Erfassung Ihrer Daten beim Besuch dieser Website verhindert. Der Opt-out-Cookie gilt nur in dem aktuellen Browser und nur f\u00fcr diese spezielle Website und wird auf Ihrem Computer, Tablet, etc abgelegt. L\u00f6schen Sie die Cookies in diesem Browser, m\u00fcssen Sie das Opt-out-Cookie erneut setzen. Weitere Informationen hierzu und zum Datenschutz im Zusammenhang mit Google Analytics finden Sie in der Google Analytics-Hilfe\u00a0 unter <a href=\"https:\/\/support.google.com\/analytics\/answer\/6004245?hl=de\" target=\"_blank\" rel=\"noopener\">https:\/\/support.google.com\/analytics\/answer\/6004245?hl=de<\/a>.<\/p>\n<p><strong>Datenschutzerkl\u00e4rung f\u00fcr Google +1<\/strong><br \/>\nUnsere Website verwendet Social-Media-Funktionen von Google Inc., 1600 Amphitheatre Parkway, Mountain View, CA 94043, USA.Rechtsgrundlage f\u00fcr den Einsatz von Social Plugins ist Art. 6 Abs. 1 Satz 1 Buchst. f) DSGVO. Ein berechtigtes Interesse der BC Invest UG &amp; Co. Grundbesitz KG und Zweck des Einsatzes von Plugins sozialer Netzwerke ist es, unser Angebot einem breiten Publikum gegen\u00fcber bekannter zu\u00a0 machen. Die sozialen Netzwerke sind f\u00fcr den datenschutzkonformen Umgang mit den Daten ihrer Nutzer verantwortlich. Bei Aufruf unserer Seiten mit Google-Plug-Ins wird eine Verbindung zwischen Ihrem Browser und den Servern von Google aufgebaut. Dabei werden bereits Daten an Google \u00fcbertragen. Besitzen Sie einen Google-Account, k\u00f6nnen diese Daten damit verkn\u00fcpft werden. Wenn Sie keine Zuordnung dieser Daten zu Ihrem Google-Account w\u00fcnschen, loggen Sie sich bitte vor dem Besuch unserer Seite bei Google aus. Interaktionen, insbesondere das Nutzen einer Kommentarfunktion oder das Anklicken eines \u201e+1\u201c- oder \u201eTeilen\u201c-Buttons werden ebenfalls an Google weitergegeben. Mehr erfahren Sie unter <a href=\"http:\/\/www.google.de\/intl\/de\/policies\/privacy\" target=\"_blank\" rel=\"noopener\">http:\/\/www.google.de\/intl\/de\/policies\/privacy<\/a>.<\/p>\n<p><strong>Datenschutzerkl\u00e4rung f\u00fcr Google Maps<\/strong><br \/>\nUnsere Webseite benutzt Google Maps zur Darstellung von Karten und zur Erstellung von Anfahrtspl\u00e4nen. Google Maps wird von Google Inc., 1600 Amphitheatre Parkway, Mountain View, CA 94043, USA betrieben. Durch den Besuch auf der Webseite erh\u00e4lt Google Informationen dar\u00fcber, dass Sie die entsprechende Seite unseres Webauftrittes aufgerufen haben. Dies erfolgt auch unabh\u00e4ngig davon, ob sie ein Nutzerkonto bei Google haben oder \u00fcber dieses eingeloggt sind. F\u00fcr den Fall, dass Sie w\u00e4hrend der Nutzung der Webseite \u00fcber ein Nutzerkonto von Google eingeloggt sind, werden die Daten direkt Ihrem Benutzerkonto zugeordnet. Wenn Sie dies nicht w\u00fcnschen, so m\u00fcssen Sie sich vor Nutzung des Dienstes ausloggen. Durch die Nutzung von Google Maps erkl\u00e4ren Sie sich mit der Erfassung, Bearbeitung sowie der Nutzung der automatisch erhobenen sowie der von Ihnen eingegeben Daten durch Google und ggf. von Drittanbietern einverstanden. Die Nutzungsbedingungen f\u00fcr Google Maps finden Sie unter<a href=\"http:\/\/www.google.com\/intl\/de_de\/help\/terms_maps.html\"> Nutzungsbedingungen f\u00fcr Google Maps<\/a>. Ausf\u00fchrliche Details finden Sie unter google.de: <a href=\"http:\/\/www.google.de\/intl\/de\/privacy\/\">Transparenz und Wahlm\u00f6glichkeiten<\/a> sowie <a href=\"http:\/\/www.google.de\/intl\/de\/privacy\/privacy-policy.html\">Datenschutzbestimmungen<\/a>. Das Ihnen zustehende Widerspruchsrecht m\u00fcssen Sie direkt gegen\u00fcber Google aus\u00fcben. \u00dcber Ihre Browsereinstellungen k\u00f6nnen Sie den Google Maps \u2013 Dienst deaktivieren (Deaktivierung des JavaScripts im Browser). Eine Nutzung ist dann nicht mehr m\u00f6glich oder nutzen Sie folgenden Opt-Out: <a href=\"https:\/\/adssettings.google.com\/authenticated\" target=\"_blank\" rel=\"noopener\">https:\/\/adssettings.google.com\/authenticated<\/a>. Rechtsgrundlage f\u00fcr den Einsatz ist Art. 6 Abs. 1 Satz 1 lit. f EU-DSGVO.<\/p>\n<p><strong>Datenschutzerkl\u00e4rung f\u00fcr Facebook<\/strong><br \/>\nUnsere Website verwendet Funktionen von Facebook Inc., 1601 S. California Ave, Palo Alto, CA 94304, USA .Rechtsgrundlage f\u00fcr den Einsatz von Social Plugins ist Art. 6 Abs. 1 Satz 1 lit. f EU-DSGVO. Ein berechtigtes Interesse unserer Kanzlei und Zweck des Einsatzes von Plugins sozialer Netzwerke ist es, unser Angebot einem breiten Publikum gegen\u00fcber bekanntzumachen. Die sozialen Netzwerke sind f\u00fcr den datenschutzkonformen Umgang mit den Daten ihrer Nutzer verantwortlich. Bei Aufruf unserer Seiten mit Facebook-Plug-Ins wird eine Verbindung zwischen Ihrem Browser und den Servern von Facebook aufgebaut. Dabei werden bereits Daten an Facebook \u00fcbertragen. Besitzen Sie einen Facebook-Account, k\u00f6nnen diese Daten damit verkn\u00fcpft werden. Wenn Sie keine Zuordnung dieser Daten zu Ihrem Facebook-Account w\u00fcnschen, loggen Sie sich bitte vor dem Besuch unserer Seite bei Facebook aus. Interaktionen, insbesondere das Nutzen einer Kommentarfunktion oder das Anklicken eines \u201eLike\u201c- oder \u201eTeilen\u201c-Buttons werden ebenfalls an Facebook weitergegeben. Mehr erfahren Sie unter <a href=\"https:\/\/de-de.facebook.com\/about\/privacy\" target=\"_blank\" rel=\"noopener\">https:\/\/de-de.facebook.com\/about\/privacy<\/a>.<\/p>\n<p><strong>XING<\/strong><br \/>\nUnsere Webseite nutzt Funktionen des Netzwerks XING. Rechtsgrundlage f\u00fcr den Einsatz von Social Plugins ist Art. 6 Abs. 1 Satz 1 lit. f EU-DSGVO. Ein berechtigtes Interesse unserer Kanzlei und Zweck des Einsatzes von Plugins sozialer Netzwerke ist es, unser Angebot einem breiten Publikum gegen\u00fcber bekanntzumachen. Die sozialen Netzwerke sind f\u00fcr den datenschutzkonformen Umgang mit den Daten ihrer Nutzer verantwortlich. Anbieter ist die XING AG, Dammtorstra\u00dfe 29-32, 20354 Hamburg, Deutschland. Bei jedem Abruf einer unserer Seiten, die Funktionen von XING enth\u00e4lt, wird eine Verbindung zu Servern von XING hergestellt. Eine Speicherung von personenbezogenen Daten erfolgt dabei nach unserer Kenntnis nicht. Insbesondere werden keine IP-Adressen gespeichert oder das Nutzungsverhalten ausgewertet.<br \/>\nWeitere Information zum Datenschutz und dem XING Share-Button finden Sie in der Datenschutzerkl\u00e4rung von XING unter: <a href=\"https:\/\/www.xing.com\/app\/share?op=data_protection\" target=\"_blank\" rel=\"noopener\">https:\/\/www.xing.com\/app\/share?op=data_protection<\/a><\/p>\n<p><strong>WordPress Stats<\/strong><br \/>\nDiese Website nutzt das WordPress Tool Stats um Besucherzugriffe statistisch auszuwerten. Anbieter ist die Automattic Inc., 60 29th Street #343, San Francisco, CA 94110-4929, USA. WordPress Stats verwendet Cookies, die auf Ihrem Computer gespeichert werden und die eine Analyse der Benutzung der Website erlauben. Die durch die Cookies generierten Informationen \u00fcber die Benutzung unserer Webseite werden auf Servern in den USA gespeichert. Ihre IP-Adresse wird nach der Verarbeitung und vor der Speicherung anonymisiert. Sie k\u00f6nnen Ihren Browser so einstellen, dass Sie \u00fcber das Setzen von Cookies informiert werden und Cookies nur im Einzelfall erlauben, die Annahme von Cookies f\u00fcr bestimmte F\u00e4lle oder generell ausschlie\u00dfen sowie das automatische L\u00f6schen der Cookies beim Schlie\u00dfen des Browser aktivieren. Bei der Deaktivierung von Cookies kann die Funktionalit\u00e4t unserer Webseite eingeschr\u00e4nkt sein. Sie k\u00f6nnen der Erhebung und Nutzung Ihrer Daten f\u00fcr die Zukunft widersprechen, indem Sie mit einem Klick auf diesen Link einen Opt-Out-Cookie in Ihrem Browser setzen: <a href=\"https:\/\/www.quantcast.com\/opt-out\/\" target=\"_blank\" rel=\"noopener\">https:\/\/www.quantcast.com\/opt-out\/<\/a>. Wenn Sie die Cookies auf Ihrem Rechner l\u00f6schen, m\u00fcssen Sie den Opt-Out-Cookie erneut setzen. Die Rechtsgrundlage f\u00fcr die Nutzung von Analysetools ist Art. 6 Abs. 1 S. 1 lit. f EU-DSGVO. Insbesondere die Webseitenanalyse liegt im berechtigten Interesse unserer Kanzlei und dient der statistischen Erfassung der Seitennutzung zur fortlaufenden Verbesserung unserer Kanzleiwebseite und des Angebots unserer Dienstleistungen.<\/p>\n<p><strong>Server-Log-Files<\/strong><br \/>\nDer Provider der Seiten erhebt und speichert automatisch Informationen in so genannten Server-Log Files, die Ihr Browser automatisch an uns \u00fcbermittelt. Dies sind:<\/p>\n<p>-IP- Adresse des Endger\u00e4ts des Besuchers<br \/>\n-Browsertyp und Browserversion<br \/>\n-verwendetes Betriebssystem<br \/>\n-Referrer URL<br \/>\n-Hostname des zugreifenden Rechners<br \/>\n-Uhrzeit der Serveranfrage<br \/>\nDiese Daten sind nicht bestimmten Personen zuordenbar. Eine Zusammenf\u00fchrung dieser Daten mit anderen Datenquellen wird nicht vorgenommen. Wir behalten uns vor, diese Daten nachtr\u00e4glich zu pr\u00fcfen, wenn uns konkrete Anhaltspunkte f\u00fcr eine rechtswidrige Nutzung bekannt werden.<\/p>\n<p><strong>Kontaktformular<\/strong><br \/>\nWenn Sie uns per Kontaktformular Anfragen zukommen lassen, werden Ihre Angaben aus dem Anfrageformular inklusive der von Ihnen dort angegebenen Kontaktdaten zwecks Bearbeitung der Anfrage und f\u00fcr den Fall von Anschlussfragen unverschl\u00fcsselt an uns \u00fcbermittelt und bei uns gespeichert. Diese Daten geben wir nicht ohne Ihre Einwilligung weiter. Die Datenverarbeitung \u00fcber das Formular erfolgt gem. Art. 6 Abs. 1 S. 1 lit. a EU-DSGVO auf Grundlage Ihrer freiwillig erteilten Einwilligung. Gleiches gilt auch bei einer <strong>Kontaktaufnahme<\/strong> per <strong>E-Mail<\/strong>,<strong> sozialer Medien<\/strong> oder per <strong>Telefon<\/strong>.<\/p>\n<p><strong>Recht auf Widerspruch, Auskunft, Berichtigung, L\u00f6schung, Sperrung, Einschr\u00e4nkung der Verarbeitung\u00a0<\/strong><br \/>\nSie haben jederzeit das Recht darauf Ihre einmal erteilte Einwilligung jederzeit gegen\u00fcber uns zu widerrufen gem\u00e4\u00df Art. 7 Abs. 3 EU- DSGVO sowie unentgeltliche Auskunft \u00fcber Ihre gespeicherten personenbezogenen Daten, deren Herkunft und Empf\u00e4nger und den Zweck der Datenverarbeitung nach Art. 15 EU-DSGVO,\u00a0 sowie auf Berichtigung gem. Art. 16 EU-DSGVO, Einschr\u00e4nkung der Verarbeitung gem. Art. 18 EU-DSGVO, Sperrung oder L\u00f6schung gem. \u00a7 17 EU-DSGVO sowie \u00dcbertragbarkeit dieser Daten entsprechend Art. 20 EU-DSGVO. Ihnen steht auch ein Beschwerderecht gem. Art. 77 EU-DSGVO u.a. beim Landesbeauftragten f\u00fcr den Datenschutz und Informationsfreiheit zu.<\/p>\n<p><b>Widerspruch<\/b><br \/>\nSie haben das Recht gegen die Datenverarbeitung Widerspruch gem. Art. 21 EU-DSGVO einzulegen, soweit Gr\u00fcnde daf\u00fcr vorliegen, welche sich aus Ihrer besonderen Situation ergeben, und die Datenverarbeitung aufgrund von Art. 6 Absatz 1 lit. f\u00a0 EU-DGSVO erfolgte. Nach Aus\u00fcbung des Widerspruchsrechts verarbeiten wir Ihre personenbezogenen Daten nicht mehr, es sei denn, wir k\u00f6nnen zwingende schutzw\u00fcrdige Gr\u00fcnde f\u00fcr die Verarbeitung nachweisen, die Ihre Interessen, Rechte und Freiheiten \u00fcberwiegen, oder die Verarbeitung dient der Geltendmachung, Aus\u00fcbung oder Verteidigung von Rechtsanspr\u00fcchen.<\/p>\n<p>M\u00f6chten Sie von Ihrem Widerrufs- oder Widerspruchsrecht Gebrauch machen, so schreiben Sie eine E-Mail an: <a href=\"mailto:kontakt@immobilienmarketing-agentur.com\">kontakt@immobilienmarketing-agentur.com<\/a>.<\/p>\n<p><strong>Hierzu<\/strong> sowie zu weiteren Fragen zum Thema personenbezogene Daten k\u00f6nnen Sie sich unter der unter <strong>Verantwortliche<\/strong> bzw. im Impressum angegebenen Adresse und Kontaktdaten an <strong>uns<\/strong> wenden.<\/p>\n<p>Die BCinvest GmbH &amp; Co. KG berichtigt oder l\u00f6scht personenbezogene Daten auf Wunsch oder Hinweis der betroffenen Person, soweit keine gesetzlichen Aufbewahrungspflichten entgegenstehen.<\/p>\n<p>Wir speichern personenbezogene Daten der betroffenen Person nur f\u00fcr den Zeitraum, der zur Erreichung des Speicherungszwecks erforderlich ist oder sofern dies durch den Europ\u00e4ischen Richtlinien- und Verordnungsgeber oder nationalen Gesetzgeber in Gesetzen oder Vorschriften, welchen der f\u00fcr die Verarbeitung Verantwortliche unterliegt, vorgesehen wurde. Entf\u00e4llt der Speicherungszweck oder l\u00e4uft eine vom Europ\u00e4ischen Richtlinien- und Verordnungsgeber oder nationalen Gesetzgeber vorgeschriebene Speicherfrist aus, werden die personenbezogenen Daten von den Verantwortlichen nach den Vorgaben der gesetzlichen Vorschriften gesperrt oder unwiederbringlich gel\u00f6scht.<\/p>\n<p>Bei sich \u00e4ndernder Rechtslage behalten wir uns vor unsere Datenschutzerkl\u00e4rung zu \u00e4ndern und anzupassen.<\/p>\n<p>&nbsp;<\/p>\n<p><strong>Kontaktdaten:<\/strong><\/p>\n<p>Herr Bracksiek<br \/>\nBCinvest GmbH &amp; Co. KG<br \/>\nRudolst\u00e4dter Strasse 118<br \/>\n99099 Erfurt-Dittelstedt<\/p>\n<p>Telefon: 0361-2165011<br \/>\n<a href=\"mailto:info@conviva-living.com\">info@conviva-living.com<\/a><\/p>\n<p>Bei Beschwerden \u00fcber Art und Weise der Verarbeitung Ihrer Daten, haben Sie auch die M\u00f6glichkeit bei nachfolgender Aufsichtsbeh\u00f6rde Beschwerde einzureichen:<\/p>\n<p>Th\u00fcringer Landesbeauftragter f\u00fcr den Datenschutz und die Informationsfreiheit<br \/>\nDr. Lutz Hasse<br \/>\nPostfach 900455<br \/>\n99107 Erfurt<\/p>\n<p>Telefon: 0 361 \/ 57 311 29 00<br \/>\nFax:\u00a0\u00a0\u00a0\u00a0\u00a0\u00a0 \u00a00 361 \/ 57 311 29 04<br \/>\n<a href=\"mailto:poststelle@datenschutz.thueringen.de\">poststelle@datenschutz.thueringen.de<\/a><\/p>\n<\/div>\n<\/div>\n","protected":false},"excerpt":{"rendered":"<p>Allgemeine Datenschutzerkl\u00e4rung der BCinvest GmbH &amp; Co. KG Durch die Nutzung unserer Website der BCinvest GmbH &amp; Co. KG erkl\u00e4ren Sie sich mit der Erhebung, Verarbeitung und Nutzung von Daten<\/p>\n","protected":false},"author":4,"featured_media":0,"parent":0,"menu_order":0,"comment_status":"closed","ping_status":"open","template":"","meta":{"_mi_skip_tracking":false,"_monsterinsights_sitenote_active":false,"_monsterinsights_sitenote_note":"","_monsterinsights_sitenote_category":0,"footnotes":""},"yoast_head":"<!-- This site is optimized with the Yoast SEO plugin v22.6 - https:\/\/yoast.com\/wordpress\/plugins\/seo\/ -->\n<title>Datenschutzerkl\u00e4rung - CONVIVA LIVING - Lebenswertes Wohnen in Erfurt<\/title>\n<meta name=\"robots\" content=\"index, follow, max-snippet:-1, max-image-preview:large, max-video-preview:-1\" \/>\n<link rel=\"canonical\" href=\"https:\/\/www.conviva-living.com\/index.php\/datenschutzerklaerung\/\" \/>\n<meta property=\"og:locale\" content=\"de_DE\" \/>\n<meta property=\"og:type\" content=\"article\" \/>\n<meta property=\"og:title\" content=\"Datenschutzerkl\u00e4rung - CONVIVA LIVING - Lebenswertes Wohnen in Erfurt\" \/>\n<meta property=\"og:description\" content=\"Allgemeine Datenschutzerkl\u00e4rung der BCinvest GmbH &amp; Co. KG Durch die Nutzung unserer Website der BCinvest GmbH &amp; Co. KG erkl\u00e4ren Sie sich mit der Erhebung, Verarbeitung und Nutzung von Daten\" \/>\n<meta property=\"og:url\" content=\"https:\/\/www.conviva-living.com\/index.php\/datenschutzerklaerung\/\" \/>\n<meta property=\"og:site_name\" content=\"CONVIVA LIVING - Lebenswertes Wohnen in Erfurt\" \/>\n<meta property=\"article:modified_time\" content=\"2018-12-27T14:08:45+00:00\" \/>\n<meta name=\"twitter:card\" content=\"summary_large_image\" \/>\n<meta name=\"twitter:label1\" content=\"Gesch\u00e4tzte Lesezeit\" \/>\n\t<meta name=\"twitter:data1\" content=\"12 Minuten\" \/>\n<script type=\"application\/ld+json\" class=\"yoast-schema-graph\">{\"@context\":\"https:\/\/schema.org\",\"@graph\":[{\"@type\":\"WebPage\",\"@id\":\"https:\/\/www.conviva-living.com\/index.php\/datenschutzerklaerung\/\",\"url\":\"https:\/\/www.conviva-living.com\/index.php\/datenschutzerklaerung\/\",\"name\":\"Datenschutzerkl\u00e4rung - CONVIVA LIVING - Lebenswertes Wohnen in Erfurt\",\"isPartOf\":{\"@id\":\"https:\/\/www.conviva-living.com\/#website\"},\"datePublished\":\"2018-05-30T16:21:39+00:00\",\"dateModified\":\"2018-12-27T14:08:45+00:00\",\"breadcrumb\":{\"@id\":\"https:\/\/www.conviva-living.com\/index.php\/datenschutzerklaerung\/#breadcrumb\"},\"inLanguage\":\"de-DE\",\"potentialAction\":[{\"@type\":\"ReadAction\",\"target\":[\"https:\/\/www.conviva-living.com\/index.php\/datenschutzerklaerung\/\"]}]},{\"@type\":\"BreadcrumbList\",\"@id\":\"https:\/\/www.conviva-living.com\/index.php\/datenschutzerklaerung\/#breadcrumb\",\"itemListElement\":[{\"@type\":\"ListItem\",\"position\":1,\"name\":\"Startseite\",\"item\":\"https:\/\/www.conviva-living.com\/\"},{\"@type\":\"ListItem\",\"position\":2,\"name\":\"Datenschutzerkl\u00e4rung\"}]},{\"@type\":\"WebSite\",\"@id\":\"https:\/\/www.conviva-living.com\/#website\",\"url\":\"https:\/\/www.conviva-living.com\/\",\"name\":\"CONVIVA LIVING - Lebenswertes Wohnen in Erfurt\",\"description\":\"Moderne Appartments &amp; familienfreundliche Wohnungen\",\"potentialAction\":[{\"@type\":\"SearchAction\",\"target\":{\"@type\":\"EntryPoint\",\"urlTemplate\":\"https:\/\/www.conviva-living.com\/?s={search_term_string}\"},\"query-input\":\"required name=search_term_string\"}],\"inLanguage\":\"de-DE\"}]}<\/script>\n<!-- \/ Yoast SEO plugin. -->","yoast_head_json":{"title":"Datenschutzerkl\u00e4rung - CONVIVA LIVING - Lebenswertes Wohnen in Erfurt","robots":{"index":"index","follow":"follow","max-snippet":"max-snippet:-1","max-image-preview":"max-image-preview:large","max-video-preview":"max-video-preview:-1"},"canonical":"https:\/\/www.conviva-living.com\/index.php\/datenschutzerklaerung\/","og_locale":"de_DE","og_type":"article","og_title":"Datenschutzerkl\u00e4rung - CONVIVA LIVING - Lebenswertes Wohnen in Erfurt","og_description":"Allgemeine Datenschutzerkl\u00e4rung der BCinvest GmbH &amp; Co. KG Durch die Nutzung unserer Website der BCinvest GmbH &amp; Co. KG erkl\u00e4ren Sie sich mit der Erhebung, Verarbeitung und Nutzung von Daten","og_url":"https:\/\/www.conviva-living.com\/index.php\/datenschutzerklaerung\/","og_site_name":"CONVIVA LIVING - Lebenswertes Wohnen in Erfurt","article_modified_time":"2018-12-27T14:08:45+00:00","twitter_card":"summary_large_image","twitter_misc":{"Gesch\u00e4tzte Lesezeit":"12 Minuten"},"schema":{"@context":"https:\/\/schema.org","@graph":[{"@type":"WebPage","@id":"https:\/\/www.conviva-living.com\/index.php\/datenschutzerklaerung\/","url":"https:\/\/www.conviva-living.com\/index.php\/datenschutzerklaerung\/","name":"Datenschutzerkl\u00e4rung - CONVIVA LIVING - Lebenswertes Wohnen in Erfurt","isPartOf":{"@id":"https:\/\/www.conviva-living.com\/#website"},"datePublished":"2018-05-30T16:21:39+00:00","dateModified":"2018-12-27T14:08:45+00:00","breadcrumb":{"@id":"https:\/\/www.conviva-living.com\/index.php\/datenschutzerklaerung\/#breadcrumb"},"inLanguage":"de-DE","potentialAction":[{"@type":"ReadAction","target":["https:\/\/www.conviva-living.com\/index.php\/datenschutzerklaerung\/"]}]},{"@type":"BreadcrumbList","@id":"https:\/\/www.conviva-living.com\/index.php\/datenschutzerklaerung\/#breadcrumb","itemListElement":[{"@type":"ListItem","position":1,"name":"Startseite","item":"https:\/\/www.conviva-living.com\/"},{"@type":"ListItem","position":2,"name":"Datenschutzerkl\u00e4rung"}]},{"@type":"WebSite","@id":"https:\/\/www.conviva-living.com\/#website","url":"https:\/\/www.conviva-living.com\/","name":"CONVIVA LIVING - Lebenswertes Wohnen in Erfurt","description":"Moderne Appartments &amp; familienfreundliche Wohnungen","potentialAction":[{"@type":"SearchAction","target":{"@type":"EntryPoint","urlTemplate":"https:\/\/www.conviva-living.com\/?s={search_term_string}"},"query-input":"required name=search_term_string"}],"inLanguage":"de-DE"}]}},"_links":{"self":[{"href":"https:\/\/www.conviva-living.com\/index.php\/wp-json\/wp\/v2\/pages\/3"}],"collection":[{"href":"https:\/\/www.conviva-living.com\/index.php\/wp-json\/wp\/v2\/pages"}],"about":[{"href":"https:\/\/www.conviva-living.com\/index.php\/wp-json\/wp\/v2\/types\/page"}],"author":[{"embeddable":true,"href":"https:\/\/www.conviva-living.com\/index.php\/wp-json\/wp\/v2\/users\/4"}],"replies":[{"embeddable":true,"href":"https:\/\/www.conviva-living.com\/index.php\/wp-json\/wp\/v2\/comments?post=3"}],"version-history":[{"count":3,"href":"https:\/\/www.conviva-living.com\/index.php\/wp-json\/wp\/v2\/pages\/3\/revisions"}],"predecessor-version":[{"id":23793,"href":"https:\/\/www.conviva-living.com\/index.php\/wp-json\/wp\/v2\/pages\/3\/revisions\/23793"}],"wp:attachment":[{"href":"https:\/\/www.conviva-living.com\/index.php\/wp-json\/wp\/v2\/media?parent=3"}],"curies":[{"name":"wp","href":"https:\/\/api.w.org\/{rel}","templated":true}]}}