{"id":23309,"date":"2018-06-27T10:03:10","date_gmt":"2018-06-27T10:03:10","guid":{"rendered":"https:\/\/www.conviva-living.com\/?page_id=23309"},"modified":"2019-01-09T06:01:11","modified_gmt":"2019-01-09T06:01:11","slug":"srevice-wohnen-erfurt","status":"publish","type":"page","link":"https:\/\/www.conviva-living.com\/index.php\/srevice-wohnen-erfurt\/","title":{"rendered":"Service"},"content":{"rendered":"<p>[vc_row dfd_row_config=&#8220;full_width_content&#8220; dfd_bg_style=&#8220;image&#8220; dfd_parallax_style=&#8220;dfd_vertical_parallax&#8220; dfd_bg_image_repeat=&#8220;no-repeat&#8220; dfd_bg_image_size=&#8220;initial&#8220; dfd_parallax_sense=&#8220;80&#8243; dfd_row_responsive_enable=&#8220;dfd-row-responsive-enable&#8220; css=&#8220;.vc_custom_1532632965297{background-position: center !important;background-repeat: no-repeat !important;background-size: cover !important;}&#8220; responsive_styles=&#8220;padding_left_mobile:20|padding_right_mobile:20&#8243;][vc_column col_shadow=&#8220;box_shadow_enable:disable|shadow_horizontal:0|shadow_vertical:15|shadow_blur:50|shadow_spread:0|box_shadow_color:rgba(0%2C0%2C0%2C0.35)&#8220; col_shadow_hover=&#8220;box_shadow_enable:disable|shadow_horizontal:0|shadow_vertical:15|shadow_blur:50|shadow_spread:0|box_shadow_color:rgba(0%2C0%2C0%2C0.35)&#8220;][rev_slider_vc alias=&#8220;service&#8220;][\/vc_column][\/vc_row][vc_row dfd_bg_style=&#8220;image&#8220; dfd_bg_image_repeat=&#8220;no-repeat&#8220; dfd_row_responsive_enable=&#8220;dfd-row-responsive-enable&#8220; responsive_styles=&#8220;padding_left_desktop:20|padding_right_desktop:20|padding_left_tablet:20|padding_right_tablet:20|padding_left_mobile:20|padding_right_mobile:20&#8243; css=&#8220;.vc_custom_1527750182511{padding-bottom: 10% !important;background-color: #b1ca34 !important;}&#8220;][vc_column css=&#8220;.vc_custom_1527793326128{margin-top: -150px !important;padding-top: 0px !important;padding-right: 0px !important;padding-bottom: 0px !important;padding-left: 0px !important;}&#8220; col_shadow=&#8220;box_shadow_enable:enable|shadow_horizontal:0|shadow_vertical:30|shadow_blur:120|shadow_spread:0|box_shadow_color:rgba(0%2C0%2C0%2C0.25)&#8220; col_shadow_hover=&#8220;box_shadow_enable:enable|shadow_horizontal:0|shadow_vertical:30|shadow_blur:120|shadow_spread:0|box_shadow_color:rgba(0%2C0%2C0%2C0.25)&#8220;][vc_row_inner css=&#8220;.vc_custom_1527750381604{padding-top: 15px !important;padding-right: 0px !important;padding-left: 0px !important;background-image: url(https:\/\/www.conviva-living.com\/wp-content\/uploads\/2018\/05\/color-line.jpg?id=23096) !important;background-position: center !important;background-repeat: no-repeat !important;background-size: cover !important;}&#8220;][vc_column_inner][\/vc_column_inner][\/vc_row_inner][vc_row_inner css=&#8220;.vc_custom_1527793572221{background-color: #ffffff !important;}&#8220;][vc_column_inner css=&#8220;.vc_custom_1527793472086{background-position: center !important;background-repeat: no-repeat !important;background-size: cover !important;}&#8220; col_inner_shadow=&#8220;box_shadow_enable:disable|shadow_horizontal:0|shadow_vertical:15|shadow_blur:50|shadow_spread:0|box_shadow_color:rgba(0%2C0%2C0%2C0.35)&#8220; col_inner_shadow_hover=&#8220;box_shadow_enable:disable|shadow_horizontal:0|shadow_vertical:15|shadow_blur:50|shadow_spread:0|box_shadow_color:rgba(0%2C0%2C0%2C0.35)&#8220;][vc_column_text css=&#8220;.vc_custom_1532633871015{padding-top: 5% !important;padding-right: 10% !important;padding-bottom: 5% !important;padding-left: 10% !important;}&#8220;]<\/p>\n<h1>Wohnen | Erfurt | barrierearm | Service-Wohnen | Einbauk\u00fcchen<\/h1>\n<h2>CONVIVA Living: ruhig, idyllisch &amp; gut angebunden<\/h2>\n<ul style=\"margin-top: 30px;\">\n<li>\n<h5>Ruhiges, angenehmes Ambiente, idyllische Wohnlage und doch zentrumsnah mit sehr guter\u00a0 Verkehrsanbindung und Infrastruktur, das alles zeichnet die Residenz \u201eConviva Living\u201c aus.<\/h5>\n<\/li>\n<li>\n<h5>Wohnungen sind \u00fcberwiegend barrierearm gestaltet<\/h5>\n<\/li>\n<li>\n<h5>moderne Einbauk\u00fcchen<\/h5>\n<\/li>\n<li>\n<h5>Alle Wohneinheiten haben s\u00fcdwestlich ausgerichtete, gro\u00dfe Balkone bzw. Terrassen.<\/h5>\n<\/li>\n<li>\n<h5>Die Anlage verf\u00fcgt \u00fcber private KFZ-Stellpl\u00e4tze sowie \u00fcber einen wundersch\u00f6n angelegten Garten.<\/h5>\n<\/li>\n<li>\n<h5>Eine hauseigene Sauna und ein Sport-und Bewegungszentrum laden zur Entspannung und aktiven Erholung ein.<\/h5>\n<\/li>\n<li>\n<h5>Im traditionsreichen Cafe <a href=\"https:\/\/www.facebook.com\/SonjaErfurt\/?rf=176636885723314\">\u201eSonja\u201c<\/a> k\u00f6nnen sie sich mit frischem Kaffee, hausgemachtem Kuchen oder dem legend\u00e4ren Kult-Softeis verw\u00f6hnen lassen. Ein Spielplatz l\u00e4dt die kleinen Mitbewohner zum toben ein.<\/h5>\n<\/li>\n<li>\n<h5>F\u00fcr unsere \u00e4ltere Generation k\u00f6nnen wir dar\u00fcber hinaus umfangreichen Service, wie Haushaltshilfe, Einkauf-Service, Transporte etc. organisieren.<\/h5>\n<\/li>\n<li>\n<h5>Zus\u00e4tzlich entsteht ein Appartement-Haus mit 1-2 Zimmer-Appartements f\u00fcr Singles, Pendler und Bundeswehrangeh\u00f6rige.<\/h5>\n<\/li>\n<li>\n<h5>Jede Wohneinheit erh\u00e4lt eine Einbau-K\u00fcche mit elektrischen Ger\u00e4ten.<\/h5>\n<\/li>\n<li>\n<h5>Alle Wohn-und Schlafr\u00e4ume erhalten ein hochwertigen Designbelag.<\/h5>\n<\/li>\n<li>\n<h5><strong>Das Geb\u00e4ude ist nicht behindertengerecht, aber barrierearm.<\/strong><\/h5>\n<\/li>\n<\/ul>\n<p>[\/vc_column_text][\/vc_column_inner][\/vc_row_inner][\/vc_column][\/vc_row][vc_row force_equal_height_columns=&#8220;main_row&#8220; dfd_bg_style=&#8220;image&#8220; dfd_parallax_style=&#8220;dfd_vertical_parallax&#8220; dfd_bg_image_new=&#8220;23059&#8243; dfd_bg_image_size=&#8220;initial&#8220; dfd_parallax_sense=&#8220;80&#8243; dfd_row_responsive_enable=&#8220;dfd-row-responsive-enable&#8220; responsive_styles=&#8220;padding_left_desktop:20|padding_right_desktop:10|padding_left_tablet:20|padding_right_tablet:10|padding_left_mobile:20|padding_right_mobile:20&#8243;][vc_column][dfd_spacer screen_wide_spacer_size=&#8220;150&#8243; screen_normal_resolution=&#8220;1280&#8243; screen_tablet_resolution=&#8220;1024&#8243; screen_mobile_resolution=&#8220;800&#8243; screen_normal_spacer_size=&#8220;100&#8243; screen_tablet_spacer_size=&#8220;80&#8243; screen_mobile_spacer_size=&#8220;60&#8243;][vc_row_inner][vc_column_inner width=&#8220;1\/3&#8243; dfd_column_responsive_enable=&#8220;dfd-column-responsive-enable&#8220; css=&#8220;.vc_custom_1527745726189{padding-right: 5% !important;padding-left: 5% !important;background-color: #40453e !important;}&#8220; col_inner_shadow=&#8220;box_shadow_enable:disable|shadow_horizontal:0|shadow_vertical:15|shadow_blur:50|shadow_spread:0|box_shadow_color:rgba(0%2C0%2C0%2C0.35)&#8220; col_inner_shadow_hover=&#8220;box_shadow_enable:disable|shadow_horizontal:0|shadow_vertical:15|shadow_blur:50|shadow_spread:0|box_shadow_color:rgba(0%2C0%2C0%2C0.35)&#8220; responsive_styles=&#8220;padding_left_tablet:20|padding_right_tablet:20|padding_left_mobile:20|padding_right_mobile:20&#8243;][dfd_spacer screen_wide_spacer_size=&#8220;100&#8243; screen_normal_resolution=&#8220;1280&#8243; screen_tablet_resolution=&#8220;1024&#8243; screen_mobile_resolution=&#8220;800&#8243; screen_mobile_spacer_size=&#8220;80&#8243;][vc_column_text css=&#8220;.vc_custom_1527776574009{padding-bottom: 20px !important;}&#8220;]<\/p>\n<h3>Kontakt &amp; Ansprechpartner<\/h3>\n<p>[\/vc_column_text][vc_column_text item_animation=&#8220;transition.slideRightBigIn&#8220;]<span style=\"color: #f5f5f5;\">Herr Bracksiek<\/span><br \/>\n<span style=\"color: #f5f5f5;\">BCinvest GmbH &amp; Co. KG<\/span><br \/>\n<span style=\"color: #f5f5f5;\">Rudolst\u00e4dter Strasse 118<\/span><br \/>\n<span style=\"color: #f5f5f5;\">99099 Erfurt-Dittelstedt<\/span><\/p>\n<h5><span style=\"color: #f5f5f5;\">Telefon: 0177 727 77 05<\/span><br \/>\n<span style=\"color: #f5f5f5;\"><a style=\"color: #f5f5f5;\" href=\"mailto:info@conviva-living.com\">info@conviva-living.com<\/a><\/span><\/h5>\n<p>[\/vc_column_text][dfd_spacer screen_wide_spacer_size=&#8220;100&#8243; screen_normal_resolution=&#8220;1280&#8243; screen_tablet_resolution=&#8220;1024&#8243; screen_mobile_resolution=&#8220;800&#8243; screen_mobile_spacer_size=&#8220;80&#8243;][\/vc_column_inner][vc_column_inner width=&#8220;2\/3&#8243; dfd_column_responsive_enable=&#8220;dfd-column-responsive-enable&#8220; col_inner_shadow=&#8220;box_shadow_enable:disable|shadow_horizontal:0|shadow_vertical:15|shadow_blur:50|shadow_spread:0|box_shadow_color:rgba(0%2C0%2C0%2C0.35)&#8220; col_inner_shadow_hover=&#8220;box_shadow_enable:disable|shadow_horizontal:0|shadow_vertical:15|shadow_blur:50|shadow_spread:0|box_shadow_color:rgba(0%2C0%2C0%2C0.35)&#8220; css=&#8220;.vc_custom_1527749565366{padding-right: 5% !important;padding-left: 5% !important;background-color: #ffffff !important;}&#8220; responsive_styles=&#8220;padding_left_tablet:20|padding_right_tablet:30|padding_left_mobile:20|padding_right_mobile:20&#8243;][dfd_spacer screen_wide_spacer_size=&#8220;45&#8243; screen_normal_resolution=&#8220;1280&#8243; screen_tablet_resolution=&#8220;1024&#8243; screen_mobile_resolution=&#8220;800&#8243; screen_mobile_spacer_size=&#8220;35&#8243;][vc_column_text]<\/p>\n<h3>Nutzen Sie unser Kontaktformular &amp; vereinbaren Sie Ihren pers\u00f6nlichen Termin.<\/h3>\n<p>[\/vc_column_text]\n<div class=\"wpcf7 no-js\" id=\"wpcf7-f23082-o1\" lang=\"de-DE\" dir=\"ltr\">\n<div class=\"screen-reader-response\"><p role=\"status\" aria-live=\"polite\" aria-atomic=\"true\"><\/p> <ul><\/ul><\/div>\n<form action=\"\/index.php\/wp-json\/wp\/v2\/pages\/23309#wpcf7-f23082-o1\" method=\"post\" class=\"wpcf7-form init\" aria-label=\"Kontaktformular\" novalidate=\"novalidate\" data-status=\"init\">\n<div style=\"display: none;\">\n<input type=\"hidden\" name=\"_wpcf7\" value=\"23082\" \/>\n<input type=\"hidden\" name=\"_wpcf7_version\" value=\"5.9.8\" \/>\n<input type=\"hidden\" name=\"_wpcf7_locale\" value=\"de_DE\" \/>\n<input type=\"hidden\" name=\"_wpcf7_unit_tag\" value=\"wpcf7-f23082-o1\" \/>\n<input type=\"hidden\" name=\"_wpcf7_container_post\" value=\"0\" \/>\n<input type=\"hidden\" name=\"_wpcf7_posted_data_hash\" value=\"\" \/>\n<\/div>\n<p><label> Ihr Name (Pflichtfeld)<br \/>\n<span class=\"wpcf7-form-control-wrap\" data-name=\"your-name\"><input size=\"40\" maxlength=\"400\" class=\"wpcf7-form-control wpcf7-text wpcf7-validates-as-required\" aria-required=\"true\" aria-invalid=\"false\" value=\"\" type=\"text\" name=\"your-name\" \/><\/span> <\/label>\n<\/p>\n<p><label> Ihre E-Mail-Adresse (Pflichtfeld)<br \/>\n<span class=\"wpcf7-form-control-wrap\" data-name=\"your-email\"><input size=\"40\" maxlength=\"400\" class=\"wpcf7-form-control wpcf7-email wpcf7-validates-as-required wpcf7-text wpcf7-validates-as-email\" aria-required=\"true\" aria-invalid=\"false\" value=\"\" type=\"email\" name=\"your-email\" \/><\/span> <\/label>\n<\/p>\n<p>Wof\u00fcr interessieren Sie sich?<br \/>\n<label><span class=\"wpcf7-form-control-wrap\" data-name=\"checkbox-767\"><span class=\"wpcf7-form-control wpcf7-checkbox\"><span class=\"wpcf7-list-item first\"><label><input type=\"checkbox\" name=\"checkbox-767[]\" value=\"Wohnung\" \/><span class=\"wpcf7-list-item-label\">Wohnung<\/span><\/label><\/span><span class=\"wpcf7-list-item\"><label><input type=\"checkbox\" name=\"checkbox-767[]\" value=\"Apartment\" \/><span class=\"wpcf7-list-item-label\">Apartment<\/span><\/label><\/span><span class=\"wpcf7-list-item last\"><label><input type=\"checkbox\" name=\"checkbox-767[]\" value=\"altersgerechte Wohnung\" \/><span class=\"wpcf7-list-item-label\">altersgerechte Wohnung<\/span><\/label><\/span><\/span><\/span><\/label>\n<\/p>\n<p><label> Ihre Nachricht<br \/>\n<span class=\"wpcf7-form-control-wrap\" data-name=\"your-message\"><textarea cols=\"40\" rows=\"10\" maxlength=\"2000\" class=\"wpcf7-form-control wpcf7-textarea\" aria-invalid=\"false\" name=\"your-message\"><\/textarea><\/span> <\/label>\n<\/p>\n<p><span id=\"wpcf7-69e1a6da429e7-wrapper\" class=\"wpcf7-form-control-wrap newname-wrap\" style=\"display:none !important; visibility:hidden !important;\"><label for=\"wpcf7-69e1a6da429e7-field\" class=\"hp-message\">Bitte lasse dieses Feld leer.<\/label><input id=\"wpcf7-69e1a6da429e7-field\"  class=\"wpcf7-form-control wpcf7-text\" type=\"text\" name=\"newname\" value=\"\" size=\"40\" tabindex=\"-1\" autocomplete=\"new-password\" \/><\/span>\n<\/p>\n<div style=\"color:#a4a4a4\">\n\t<p><span class=\"wpcf7-form-control-wrap\" data-name=\"datenschutz-checkbox\"><span class=\"wpcf7-form-control wpcf7-checkbox wpcf7-validates-as-required\"><span class=\"wpcf7-list-item first last\"><input type=\"checkbox\" name=\"datenschutz-checkbox[]\" value=\"Mit dem Absenden des Kontaktformulars erkl\u00e4ren Sie sich damit einverstanden, dass Ihre Daten gespeichert und bearbeitet werden. (Informationen und Widerrufshinweise entnehmen Sie unserer Datenschutzerkl\u00e4rung)\" \/><span class=\"wpcf7-list-item-label\">Mit dem Absenden des Kontaktformulars erkl\u00e4ren Sie sich damit einverstanden, dass Ihre Daten gespeichert und bearbeitet werden. (Informationen und Widerrufshinweise entnehmen Sie unserer Datenschutzerkl\u00e4rung)<\/span><\/span><\/span><\/span>\n\t<\/p>\n<\/div>\n<p><label style=\"color:#f9ce06; margin-top:30px;\"><input class=\"wpcf7-form-control wpcf7-submit has-spinner\" type=\"submit\" value=\"Nachricht senden\" \/><\/label>\n<\/p><div class=\"wpcf7-response-output\" aria-hidden=\"true\"><\/div>\n<\/form>\n<\/div>\n[dfd_spacer screen_wide_spacer_size=&#8220;45&#8243; screen_normal_resolution=&#8220;1280&#8243; screen_tablet_resolution=&#8220;1024&#8243; screen_mobile_resolution=&#8220;800&#8243; screen_mobile_spacer_size=&#8220;35&#8243;][\/vc_column_inner][\/vc_row_inner][dfd_spacer screen_wide_spacer_size=&#8220;150&#8243; screen_normal_resolution=&#8220;1280&#8243; screen_tablet_resolution=&#8220;1024&#8243; screen_mobile_resolution=&#8220;800&#8243; screen_normal_spacer_size=&#8220;100&#8243; screen_tablet_spacer_size=&#8220;80&#8243; screen_mobile_spacer_size=&#8220;60&#8243;][\/vc_column][\/vc_row]<\/p>\n","protected":false},"excerpt":{"rendered":"<p>[vc_row dfd_row_config=&#8220;full_width_content&#8220; dfd_bg_style=&#8220;image&#8220; dfd_parallax_style=&#8220;dfd_vertical_parallax&#8220; dfd_bg_image_repeat=&#8220;no-repeat&#8220; dfd_bg_image_size=&#8220;initial&#8220; dfd_parallax_sense=&#8220;80&#8243; dfd_row_responsive_enable=&#8220;dfd-row-responsive-enable&#8220; css=&#8220;.vc_custom_1532632965297{background-position: center !important;background-repeat: no-repeat !important;background-size: cover !important;}&#8220; responsive_styles=&#8220;padding_left_mobile:20|padding_right_mobile:20&#8243;][vc_column col_shadow=&#8220;box_shadow_enable:disable|shadow_horizontal:0|shadow_vertical:15|shadow_blur:50|shadow_spread:0|box_shadow_color:rgba(0%2C0%2C0%2C0.35)&#8220; col_shadow_hover=&#8220;box_shadow_enable:disable|shadow_horizontal:0|shadow_vertical:15|shadow_blur:50|shadow_spread:0|box_shadow_color:rgba(0%2C0%2C0%2C0.35)&#8220;][rev_slider_vc alias=&#8220;service&#8220;][\/vc_column][\/vc_row][vc_row dfd_bg_style=&#8220;image&#8220; dfd_bg_image_repeat=&#8220;no-repeat&#8220; dfd_row_responsive_enable=&#8220;dfd-row-responsive-enable&#8220; responsive_styles=&#8220;padding_left_desktop:20|padding_right_desktop:20|padding_left_tablet:20|padding_right_tablet:20|padding_left_mobile:20|padding_right_mobile:20&#8243; css=&#8220;.vc_custom_1527750182511{padding-bottom: 10% !important;background-color: #b1ca34 !important;}&#8220;][vc_column css=&#8220;.vc_custom_1527793326128{margin-top: -150px<\/p>\n","protected":false},"author":2,"featured_media":0,"parent":0,"menu_order":0,"comment_status":"closed","ping_status":"closed","template":"tmp-page.php","meta":{"_mi_skip_tracking":false,"_monsterinsights_sitenote_active":false,"_monsterinsights_sitenote_note":"","_monsterinsights_sitenote_category":0,"footnotes":""},"yoast_head":"<!-- This site is optimized with the Yoast SEO plugin v22.6 - https:\/\/yoast.com\/wordpress\/plugins\/seo\/ -->\n<title>Service - CONVIVA LIVING - Lebenswertes Wohnen in Erfurt<\/title>\n<meta name=\"robots\" content=\"index, follow, max-snippet:-1, max-image-preview:large, max-video-preview:-1\" \/>\n<link rel=\"canonical\" href=\"https:\/\/www.conviva-living.com\/index.php\/srevice-wohnen-erfurt\/\" \/>\n<meta property=\"og:locale\" content=\"de_DE\" \/>\n<meta property=\"og:type\" content=\"article\" \/>\n<meta property=\"og:title\" content=\"Service - CONVIVA LIVING - Lebenswertes Wohnen in Erfurt\" \/>\n<meta property=\"og:description\" content=\"[vc_row dfd_row_config=&#8220;full_width_content&#8220; dfd_bg_style=&#8220;image&#8220; dfd_parallax_style=&#8220;dfd_vertical_parallax&#8220; dfd_bg_image_repeat=&#8220;no-repeat&#8220; dfd_bg_image_size=&#8220;initial&#8220; dfd_parallax_sense=&#8220;80&#8243; dfd_row_responsive_enable=&#8220;dfd-row-responsive-enable&#8220; css=&#8220;.vc_custom_1532632965297{background-position: center !important;background-repeat: no-repeat !important;background-size: cover !important;}&#8220; responsive_styles=&#8220;padding_left_mobile:20|padding_right_mobile:20&#8243;][vc_column col_shadow=&#8220;box_shadow_enable:disable|shadow_horizontal:0|shadow_vertical:15|shadow_blur:50|shadow_spread:0|box_shadow_color:rgba(0%2C0%2C0%2C0.35)&#8220; col_shadow_hover=&#8220;box_shadow_enable:disable|shadow_horizontal:0|shadow_vertical:15|shadow_blur:50|shadow_spread:0|box_shadow_color:rgba(0%2C0%2C0%2C0.35)&#8220;][rev_slider_vc alias=&#8220;service&#8220;][\/vc_column][\/vc_row][vc_row dfd_bg_style=&#8220;image&#8220; dfd_bg_image_repeat=&#8220;no-repeat&#8220; dfd_row_responsive_enable=&#8220;dfd-row-responsive-enable&#8220; responsive_styles=&#8220;padding_left_desktop:20|padding_right_desktop:20|padding_left_tablet:20|padding_right_tablet:20|padding_left_mobile:20|padding_right_mobile:20&#8243; css=&#8220;.vc_custom_1527750182511{padding-bottom: 10% !important;background-color: #b1ca34 !important;}&#8220;][vc_column css=&#8220;.vc_custom_1527793326128{margin-top: -150px\" \/>\n<meta property=\"og:url\" content=\"https:\/\/www.conviva-living.com\/index.php\/srevice-wohnen-erfurt\/\" \/>\n<meta property=\"og:site_name\" content=\"CONVIVA LIVING - Lebenswertes Wohnen in Erfurt\" \/>\n<meta property=\"article:modified_time\" content=\"2019-01-09T06:01:11+00:00\" \/>\n<meta name=\"twitter:card\" content=\"summary_large_image\" \/>\n<meta name=\"twitter:label1\" content=\"Gesch\u00e4tzte Lesezeit\" \/>\n\t<meta name=\"twitter:data1\" content=\"5 Minuten\" \/>\n<script type=\"application\/ld+json\" class=\"yoast-schema-graph\">{\"@context\":\"https:\/\/schema.org\",\"@graph\":[{\"@type\":\"WebPage\",\"@id\":\"https:\/\/www.conviva-living.com\/index.php\/srevice-wohnen-erfurt\/\",\"url\":\"https:\/\/www.conviva-living.com\/index.php\/srevice-wohnen-erfurt\/\",\"name\":\"Service - CONVIVA LIVING - Lebenswertes Wohnen in Erfurt\",\"isPartOf\":{\"@id\":\"https:\/\/www.conviva-living.com\/#website\"},\"datePublished\":\"2018-06-27T10:03:10+00:00\",\"dateModified\":\"2019-01-09T06:01:11+00:00\",\"breadcrumb\":{\"@id\":\"https:\/\/www.conviva-living.com\/index.php\/srevice-wohnen-erfurt\/#breadcrumb\"},\"inLanguage\":\"de-DE\",\"potentialAction\":[{\"@type\":\"ReadAction\",\"target\":[\"https:\/\/www.conviva-living.com\/index.php\/srevice-wohnen-erfurt\/\"]}]},{\"@type\":\"BreadcrumbList\",\"@id\":\"https:\/\/www.conviva-living.com\/index.php\/srevice-wohnen-erfurt\/#breadcrumb\",\"itemListElement\":[{\"@type\":\"ListItem\",\"position\":1,\"name\":\"Startseite\",\"item\":\"https:\/\/www.conviva-living.com\/\"},{\"@type\":\"ListItem\",\"position\":2,\"name\":\"Service\"}]},{\"@type\":\"WebSite\",\"@id\":\"https:\/\/www.conviva-living.com\/#website\",\"url\":\"https:\/\/www.conviva-living.com\/\",\"name\":\"CONVIVA LIVING - Lebenswertes Wohnen in Erfurt\",\"description\":\"Moderne Appartments &amp; familienfreundliche Wohnungen\",\"potentialAction\":[{\"@type\":\"SearchAction\",\"target\":{\"@type\":\"EntryPoint\",\"urlTemplate\":\"https:\/\/www.conviva-living.com\/?s={search_term_string}\"},\"query-input\":\"required name=search_term_string\"}],\"inLanguage\":\"de-DE\"}]}<\/script>\n<!-- \/ Yoast SEO plugin. -->","yoast_head_json":{"title":"Service - CONVIVA LIVING - Lebenswertes Wohnen in Erfurt","robots":{"index":"index","follow":"follow","max-snippet":"max-snippet:-1","max-image-preview":"max-image-preview:large","max-video-preview":"max-video-preview:-1"},"canonical":"https:\/\/www.conviva-living.com\/index.php\/srevice-wohnen-erfurt\/","og_locale":"de_DE","og_type":"article","og_title":"Service - CONVIVA LIVING - Lebenswertes Wohnen in Erfurt","og_description":"[vc_row dfd_row_config=&#8220;full_width_content&#8220; dfd_bg_style=&#8220;image&#8220; dfd_parallax_style=&#8220;dfd_vertical_parallax&#8220; dfd_bg_image_repeat=&#8220;no-repeat&#8220; dfd_bg_image_size=&#8220;initial&#8220; dfd_parallax_sense=&#8220;80&#8243; dfd_row_responsive_enable=&#8220;dfd-row-responsive-enable&#8220; css=&#8220;.vc_custom_1532632965297{background-position: center !important;background-repeat: no-repeat !important;background-size: cover !important;}&#8220; responsive_styles=&#8220;padding_left_mobile:20|padding_right_mobile:20&#8243;][vc_column col_shadow=&#8220;box_shadow_enable:disable|shadow_horizontal:0|shadow_vertical:15|shadow_blur:50|shadow_spread:0|box_shadow_color:rgba(0%2C0%2C0%2C0.35)&#8220; col_shadow_hover=&#8220;box_shadow_enable:disable|shadow_horizontal:0|shadow_vertical:15|shadow_blur:50|shadow_spread:0|box_shadow_color:rgba(0%2C0%2C0%2C0.35)&#8220;][rev_slider_vc alias=&#8220;service&#8220;][\/vc_column][\/vc_row][vc_row dfd_bg_style=&#8220;image&#8220; dfd_bg_image_repeat=&#8220;no-repeat&#8220; dfd_row_responsive_enable=&#8220;dfd-row-responsive-enable&#8220; responsive_styles=&#8220;padding_left_desktop:20|padding_right_desktop:20|padding_left_tablet:20|padding_right_tablet:20|padding_left_mobile:20|padding_right_mobile:20&#8243; css=&#8220;.vc_custom_1527750182511{padding-bottom: 10% !important;background-color: #b1ca34 !important;}&#8220;][vc_column css=&#8220;.vc_custom_1527793326128{margin-top: -150px","og_url":"https:\/\/www.conviva-living.com\/index.php\/srevice-wohnen-erfurt\/","og_site_name":"CONVIVA LIVING - Lebenswertes Wohnen in Erfurt","article_modified_time":"2019-01-09T06:01:11+00:00","twitter_card":"summary_large_image","twitter_misc":{"Gesch\u00e4tzte Lesezeit":"5 Minuten"},"schema":{"@context":"https:\/\/schema.org","@graph":[{"@type":"WebPage","@id":"https:\/\/www.conviva-living.com\/index.php\/srevice-wohnen-erfurt\/","url":"https:\/\/www.conviva-living.com\/index.php\/srevice-wohnen-erfurt\/","name":"Service - CONVIVA LIVING - Lebenswertes Wohnen in Erfurt","isPartOf":{"@id":"https:\/\/www.conviva-living.com\/#website"},"datePublished":"2018-06-27T10:03:10+00:00","dateModified":"2019-01-09T06:01:11+00:00","breadcrumb":{"@id":"https:\/\/www.conviva-living.com\/index.php\/srevice-wohnen-erfurt\/#breadcrumb"},"inLanguage":"de-DE","potentialAction":[{"@type":"ReadAction","target":["https:\/\/www.conviva-living.com\/index.php\/srevice-wohnen-erfurt\/"]}]},{"@type":"BreadcrumbList","@id":"https:\/\/www.conviva-living.com\/index.php\/srevice-wohnen-erfurt\/#breadcrumb","itemListElement":[{"@type":"ListItem","position":1,"name":"Startseite","item":"https:\/\/www.conviva-living.com\/"},{"@type":"ListItem","position":2,"name":"Service"}]},{"@type":"WebSite","@id":"https:\/\/www.conviva-living.com\/#website","url":"https:\/\/www.conviva-living.com\/","name":"CONVIVA LIVING - Lebenswertes Wohnen in Erfurt","description":"Moderne Appartments &amp; familienfreundliche Wohnungen","potentialAction":[{"@type":"SearchAction","target":{"@type":"EntryPoint","urlTemplate":"https:\/\/www.conviva-living.com\/?s={search_term_string}"},"query-input":"required name=search_term_string"}],"inLanguage":"de-DE"}]}},"_links":{"self":[{"href":"https:\/\/www.conviva-living.com\/index.php\/wp-json\/wp\/v2\/pages\/23309"}],"collection":[{"href":"https:\/\/www.conviva-living.com\/index.php\/wp-json\/wp\/v2\/pages"}],"about":[{"href":"https:\/\/www.conviva-living.com\/index.php\/wp-json\/wp\/v2\/types\/page"}],"author":[{"embeddable":true,"href":"https:\/\/www.conviva-living.com\/index.php\/wp-json\/wp\/v2\/users\/2"}],"replies":[{"embeddable":true,"href":"https:\/\/www.conviva-living.com\/index.php\/wp-json\/wp\/v2\/comments?post=23309"}],"version-history":[{"count":15,"href":"https:\/\/www.conviva-living.com\/index.php\/wp-json\/wp\/v2\/pages\/23309\/revisions"}],"predecessor-version":[{"id":23809,"href":"https:\/\/www.conviva-living.com\/index.php\/wp-json\/wp\/v2\/pages\/23309\/revisions\/23809"}],"wp:attachment":[{"href":"https:\/\/www.conviva-living.com\/index.php\/wp-json\/wp\/v2\/media?parent=23309"}],"curies":[{"name":"wp","href":"https:\/\/api.w.org\/{rel}","templated":true}]}}